{"id":350,"date":"2021-04-01T12:50:22","date_gmt":"2021-04-01T12:50:22","guid":{"rendered":"http:\/\/chateaufldelys.wpengine.com\/?page_id=350"},"modified":"2025-01-04T19:22:43","modified_gmt":"2025-01-04T19:22:43","slug":"strom-nordic-spa-old-quebec","status":"publish","type":"page","link":"https:\/\/www.hotelnomad.ca\/en\/strom-nordic-spa-old-quebec\/","title":{"rendered":"Str\u00f8m Nordic Spa &#8211; Old Quebec"},"content":{"rendered":"<p style=\"text-align: center;\">It is at the foot of the cliffs of Cap Diamant on the shores of the St. Lawrence River that H\u00f4tel Nomad Qu\u00e9bec, in partnership with Str\u00f8m Nordic spa, invites you to come and recharge your batteries.<\/p>\n<p style=\"text-align: center;\">Str\u00f8m Nordic spa is definitely the best spa in Quebec City. A moment at Str\u00f8m is a journey into the best, both in terms of architecture and its integration into the landscape as well as in the quality of the infrastructure and the treatments provided. Inaugurated at the end of 2018, the state-of-the-art facilities guarantee a rejuvenating relaxation experience in full compliance with current hygiene and public health standards.<\/p>\n<p style=\"text-align: center;\">Don&#8217;t wait any longer: discover our joint offers and packages with the Str\u00f8m Nordic spa at preferential rates.<\/p>\n","protected":false},"excerpt":{"rendered":"<p>It is at the foot of the cliffs of Cap Diamant on the shores of the St. Lawrence River that H\u00f4tel Nomad Qu\u00e9bec, in partnership with Str\u00f8m Nordic spa, invites you to come and recharge your batteries. Str\u00f8m Nordic spa is definitely the best spa in Quebec City. A moment at Str\u00f8m is a journey [&hellip;]<\/p>\n","protected":false},"author":10,"featured_media":0,"parent":0,"menu_order":55,"comment_status":"closed","ping_status":"closed","template":"","meta":{"footnotes":""},"_links":{"self":[{"href":"https:\/\/www.hotelnomad.ca\/en\/wp-json\/wp\/v2\/pages\/350"}],"collection":[{"href":"https:\/\/www.hotelnomad.ca\/en\/wp-json\/wp\/v2\/pages"}],"about":[{"href":"https:\/\/www.hotelnomad.ca\/en\/wp-json\/wp\/v2\/types\/page"}],"author":[{"embeddable":true,"href":"https:\/\/www.hotelnomad.ca\/en\/wp-json\/wp\/v2\/users\/10"}],"replies":[{"embeddable":true,"href":"https:\/\/www.hotelnomad.ca\/en\/wp-json\/wp\/v2\/comments?post=350"}],"version-history":[{"count":0,"href":"https:\/\/www.hotelnomad.ca\/en\/wp-json\/wp\/v2\/pages\/350\/revisions"}],"wp:attachment":[{"href":"https:\/\/www.hotelnomad.ca\/en\/wp-json\/wp\/v2\/media?parent=350"}],"curies":[{"name":"wp","href":"https:\/\/api.w.org\/{rel}","templated":true}]}}